{"id":6519,"date":"2024-11-08T08:50:41","date_gmt":"2024-11-08T07:50:41","guid":{"rendered":"https:\/\/spectrumseurope.com\/?page_id=6519"},"modified":"2024-11-08T09:08:03","modified_gmt":"2024-11-08T08:08:03","slug":"crystal-resistant-broad-distillate","status":"publish","type":"page","link":"https:\/\/spectrumseurope.com\/fr\/spectrums-ingredients\/crystal-resistant-broad-distillate\/","title":{"rendered":"CRYSTAL RESISTANT BROAD DISTILLATE"},"content":{"rendered":"","protected":false},"excerpt":{"rendered":"","protected":false},"author":1,"featured_media":6508,"parent":6437,"menu_order":29,"comment_status":"closed","ping_status":"closed","template":"","meta":{"footnotes":""},"class_list":["post-6519","page","type-page","status-publish","has-post-thumbnail","hentry"],"yoast_head":"<!-- This site is optimized with the Yoast SEO plugin v27.4 - https:\/\/yoast.com\/product\/yoast-seo-wordpress\/ -->\n<title>CRYSTAL RESISTANT BROAD DISTILLATE - Spectrums Europe<\/title>\n<meta name=\"description\" content=\"Sp\u00e9cialement con\u00e7u pour la VAPE, notre CRBD associe le meilleur des phytocannabino\u00efdes \u00e0 l\u2019excellence de la formulation.\" \/>\n<meta name=\"robots\" content=\"index, follow, max-snippet:-1, max-image-preview:large, max-video-preview:-1\" \/>\n<link rel=\"canonical\" href=\"https:\/\/spectrumseurope.com\/fr\/spectrums-ingredients\/crystal-resistant-broad-distillate\/\" \/>\n<meta property=\"og:locale\" content=\"fr_FR\" \/>\n<meta property=\"og:type\" content=\"article\" \/>\n<meta property=\"og:title\" content=\"CRYSTAL RESISTANT BROAD DISTILLATE - Spectrums Europe\" \/>\n<meta property=\"og:description\" content=\"Sp\u00e9cialement con\u00e7u pour la VAPE, notre CRBD associe le meilleur des phytocannabino\u00efdes \u00e0 l\u2019excellence de la formulation.\" \/>\n<meta property=\"og:url\" content=\"https:\/\/spectrumseurope.com\/fr\/spectrums-ingredients\/crystal-resistant-broad-distillate\/\" \/>\n<meta property=\"og:site_name\" content=\"Spectrums Europe\" \/>\n<meta property=\"article:modified_time\" content=\"2024-11-08T08:08:03+00:00\" \/>\n<meta property=\"og:image\" content=\"https:\/\/spectrumseurope.com\/wp-content\/uploads\/crystal-resistant-broad-distillate-vignette-produit.jpg\" \/>\n\t<meta property=\"og:image:width\" content=\"567\" \/>\n\t<meta property=\"og:image:height\" content=\"322\" \/>\n\t<meta property=\"og:image:type\" content=\"image\/jpeg\" \/>\n<meta name=\"twitter:card\" content=\"summary_large_image\" \/>\n<script type=\"application\/ld+json\" class=\"yoast-schema-graph\">{\"@context\":\"https:\\\/\\\/schema.org\",\"@graph\":[{\"@type\":\"WebPage\",\"@id\":\"https:\\\/\\\/spectrumseurope.com\\\/fr\\\/spectrums-ingredients\\\/crystal-resistant-broad-distillate\\\/\",\"url\":\"https:\\\/\\\/spectrumseurope.com\\\/fr\\\/spectrums-ingredients\\\/crystal-resistant-broad-distillate\\\/\",\"name\":\"CRYSTAL RESISTANT BROAD DISTILLATE - Spectrums Europe\",\"isPartOf\":{\"@id\":\"https:\\\/\\\/spectrumseurope.com\\\/#website\"},\"primaryImageOfPage\":{\"@id\":\"https:\\\/\\\/spectrumseurope.com\\\/fr\\\/spectrums-ingredients\\\/crystal-resistant-broad-distillate\\\/#primaryimage\"},\"image\":{\"@id\":\"https:\\\/\\\/spectrumseurope.com\\\/fr\\\/spectrums-ingredients\\\/crystal-resistant-broad-distillate\\\/#primaryimage\"},\"thumbnailUrl\":\"https:\\\/\\\/spectrumseurope.com\\\/wp-content\\\/uploads\\\/crystal-resistant-broad-distillate-vignette-produit.jpg\",\"datePublished\":\"2024-11-08T07:50:41+00:00\",\"dateModified\":\"2024-11-08T08:08:03+00:00\",\"description\":\"Sp\u00e9cialement con\u00e7u pour la VAPE, notre CRBD associe le meilleur des phytocannabino\u00efdes \u00e0 l\u2019excellence de la formulation.\",\"breadcrumb\":{\"@id\":\"https:\\\/\\\/spectrumseurope.com\\\/fr\\\/spectrums-ingredients\\\/crystal-resistant-broad-distillate\\\/#breadcrumb\"},\"inLanguage\":\"fr-FR\",\"potentialAction\":[{\"@type\":\"ReadAction\",\"target\":[\"https:\\\/\\\/spectrumseurope.com\\\/fr\\\/spectrums-ingredients\\\/crystal-resistant-broad-distillate\\\/\"]}]},{\"@type\":\"ImageObject\",\"inLanguage\":\"fr-FR\",\"@id\":\"https:\\\/\\\/spectrumseurope.com\\\/fr\\\/spectrums-ingredients\\\/crystal-resistant-broad-distillate\\\/#primaryimage\",\"url\":\"https:\\\/\\\/spectrumseurope.com\\\/wp-content\\\/uploads\\\/crystal-resistant-broad-distillate-vignette-produit.jpg\",\"contentUrl\":\"https:\\\/\\\/spectrumseurope.com\\\/wp-content\\\/uploads\\\/crystal-resistant-broad-distillate-vignette-produit.jpg\",\"width\":567,\"height\":322,\"caption\":\"crystal-resistant-broad-distillate-vignette page categorie\"},{\"@type\":\"BreadcrumbList\",\"@id\":\"https:\\\/\\\/spectrumseurope.com\\\/fr\\\/spectrums-ingredients\\\/crystal-resistant-broad-distillate\\\/#breadcrumb\",\"itemListElement\":[{\"@type\":\"ListItem\",\"position\":1,\"name\":\"Home\",\"item\":\"https:\\\/\\\/spectrumseurope.com\\\/fr\\\/\"},{\"@type\":\"ListItem\",\"position\":2,\"name\":\"Spectrums Ingr\u00e9dients\",\"item\":\"https:\\\/\\\/spectrumseurope.com\\\/fr\\\/spectrums-ingredients\\\/\"},{\"@type\":\"ListItem\",\"position\":3,\"name\":\"CRYSTAL RESISTANT BROAD DISTILLATE\"}]},{\"@type\":\"WebSite\",\"@id\":\"https:\\\/\\\/spectrumseurope.com\\\/#website\",\"url\":\"https:\\\/\\\/spectrumseurope.com\\\/\",\"name\":\"Spectrums Europe\",\"description\":\"Sp&eacute;cialis&eacute; dans les phytocannabino&iuml;des\",\"publisher\":{\"@id\":\"https:\\\/\\\/spectrumseurope.com\\\/#organization\"},\"potentialAction\":[{\"@type\":\"SearchAction\",\"target\":{\"@type\":\"EntryPoint\",\"urlTemplate\":\"https:\\\/\\\/spectrumseurope.com\\\/?s={search_term_string}\"},\"query-input\":{\"@type\":\"PropertyValueSpecification\",\"valueRequired\":true,\"valueName\":\"search_term_string\"}}],\"inLanguage\":\"fr-FR\"},{\"@type\":\"Organization\",\"@id\":\"https:\\\/\\\/spectrumseurope.com\\\/#organization\",\"name\":\"Spectrums Europe\",\"url\":\"https:\\\/\\\/spectrumseurope.com\\\/\",\"logo\":{\"@type\":\"ImageObject\",\"inLanguage\":\"fr-FR\",\"@id\":\"https:\\\/\\\/spectrumseurope.com\\\/#\\\/schema\\\/logo\\\/image\\\/\",\"url\":\"https:\\\/\\\/spectrumseurope.com\\\/wp-content\\\/uploads\\\/logo-spectrums-europe-optimized.png\",\"contentUrl\":\"https:\\\/\\\/spectrumseurope.com\\\/wp-content\\\/uploads\\\/logo-spectrums-europe-optimized.png\",\"width\":330,\"height\":80,\"caption\":\"Spectrums Europe\"},\"image\":{\"@id\":\"https:\\\/\\\/spectrumseurope.com\\\/#\\\/schema\\\/logo\\\/image\\\/\"}}]}<\/script>\n<!-- \/ Yoast SEO plugin. -->","yoast_head_json":{"title":"CRYSTAL RESISTANT BROAD DISTILLATE - Spectrums Europe","description":"Sp\u00e9cialement con\u00e7u pour la VAPE, notre CRBD associe le meilleur des phytocannabino\u00efdes \u00e0 l\u2019excellence de la formulation.","robots":{"index":"index","follow":"follow","max-snippet":"max-snippet:-1","max-image-preview":"max-image-preview:large","max-video-preview":"max-video-preview:-1"},"canonical":"https:\/\/spectrumseurope.com\/fr\/spectrums-ingredients\/crystal-resistant-broad-distillate\/","og_locale":"fr_FR","og_type":"article","og_title":"CRYSTAL RESISTANT BROAD DISTILLATE - Spectrums Europe","og_description":"Sp\u00e9cialement con\u00e7u pour la VAPE, notre CRBD associe le meilleur des phytocannabino\u00efdes \u00e0 l\u2019excellence de la formulation.","og_url":"https:\/\/spectrumseurope.com\/fr\/spectrums-ingredients\/crystal-resistant-broad-distillate\/","og_site_name":"Spectrums Europe","article_modified_time":"2024-11-08T08:08:03+00:00","og_image":[{"width":567,"height":322,"url":"https:\/\/spectrumseurope.com\/wp-content\/uploads\/crystal-resistant-broad-distillate-vignette-produit.jpg","type":"image\/jpeg"}],"twitter_card":"summary_large_image","schema":{"@context":"https:\/\/schema.org","@graph":[{"@type":"WebPage","@id":"https:\/\/spectrumseurope.com\/fr\/spectrums-ingredients\/crystal-resistant-broad-distillate\/","url":"https:\/\/spectrumseurope.com\/fr\/spectrums-ingredients\/crystal-resistant-broad-distillate\/","name":"CRYSTAL RESISTANT BROAD DISTILLATE - Spectrums Europe","isPartOf":{"@id":"https:\/\/spectrumseurope.com\/#website"},"primaryImageOfPage":{"@id":"https:\/\/spectrumseurope.com\/fr\/spectrums-ingredients\/crystal-resistant-broad-distillate\/#primaryimage"},"image":{"@id":"https:\/\/spectrumseurope.com\/fr\/spectrums-ingredients\/crystal-resistant-broad-distillate\/#primaryimage"},"thumbnailUrl":"https:\/\/spectrumseurope.com\/wp-content\/uploads\/crystal-resistant-broad-distillate-vignette-produit.jpg","datePublished":"2024-11-08T07:50:41+00:00","dateModified":"2024-11-08T08:08:03+00:00","description":"Sp\u00e9cialement con\u00e7u pour la VAPE, notre CRBD associe le meilleur des phytocannabino\u00efdes \u00e0 l\u2019excellence de la formulation.","breadcrumb":{"@id":"https:\/\/spectrumseurope.com\/fr\/spectrums-ingredients\/crystal-resistant-broad-distillate\/#breadcrumb"},"inLanguage":"fr-FR","potentialAction":[{"@type":"ReadAction","target":["https:\/\/spectrumseurope.com\/fr\/spectrums-ingredients\/crystal-resistant-broad-distillate\/"]}]},{"@type":"ImageObject","inLanguage":"fr-FR","@id":"https:\/\/spectrumseurope.com\/fr\/spectrums-ingredients\/crystal-resistant-broad-distillate\/#primaryimage","url":"https:\/\/spectrumseurope.com\/wp-content\/uploads\/crystal-resistant-broad-distillate-vignette-produit.jpg","contentUrl":"https:\/\/spectrumseurope.com\/wp-content\/uploads\/crystal-resistant-broad-distillate-vignette-produit.jpg","width":567,"height":322,"caption":"crystal-resistant-broad-distillate-vignette page categorie"},{"@type":"BreadcrumbList","@id":"https:\/\/spectrumseurope.com\/fr\/spectrums-ingredients\/crystal-resistant-broad-distillate\/#breadcrumb","itemListElement":[{"@type":"ListItem","position":1,"name":"Home","item":"https:\/\/spectrumseurope.com\/fr\/"},{"@type":"ListItem","position":2,"name":"Spectrums Ingr\u00e9dients","item":"https:\/\/spectrumseurope.com\/fr\/spectrums-ingredients\/"},{"@type":"ListItem","position":3,"name":"CRYSTAL RESISTANT BROAD DISTILLATE"}]},{"@type":"WebSite","@id":"https:\/\/spectrumseurope.com\/#website","url":"https:\/\/spectrumseurope.com\/","name":"Spectrums Europe","description":"Sp&eacute;cialis&eacute; dans les phytocannabino&iuml;des","publisher":{"@id":"https:\/\/spectrumseurope.com\/#organization"},"potentialAction":[{"@type":"SearchAction","target":{"@type":"EntryPoint","urlTemplate":"https:\/\/spectrumseurope.com\/?s={search_term_string}"},"query-input":{"@type":"PropertyValueSpecification","valueRequired":true,"valueName":"search_term_string"}}],"inLanguage":"fr-FR"},{"@type":"Organization","@id":"https:\/\/spectrumseurope.com\/#organization","name":"Spectrums Europe","url":"https:\/\/spectrumseurope.com\/","logo":{"@type":"ImageObject","inLanguage":"fr-FR","@id":"https:\/\/spectrumseurope.com\/#\/schema\/logo\/image\/","url":"https:\/\/spectrumseurope.com\/wp-content\/uploads\/logo-spectrums-europe-optimized.png","contentUrl":"https:\/\/spectrumseurope.com\/wp-content\/uploads\/logo-spectrums-europe-optimized.png","width":330,"height":80,"caption":"Spectrums Europe"},"image":{"@id":"https:\/\/spectrumseurope.com\/#\/schema\/logo\/image\/"}}]}},"_links":{"self":[{"href":"https:\/\/spectrumseurope.com\/fr\/wp-json\/wp\/v2\/pages\/6519","targetHints":{"allow":["GET"]}}],"collection":[{"href":"https:\/\/spectrumseurope.com\/fr\/wp-json\/wp\/v2\/pages"}],"about":[{"href":"https:\/\/spectrumseurope.com\/fr\/wp-json\/wp\/v2\/types\/page"}],"author":[{"embeddable":true,"href":"https:\/\/spectrumseurope.com\/fr\/wp-json\/wp\/v2\/users\/1"}],"replies":[{"embeddable":true,"href":"https:\/\/spectrumseurope.com\/fr\/wp-json\/wp\/v2\/comments?post=6519"}],"version-history":[{"count":0,"href":"https:\/\/spectrumseurope.com\/fr\/wp-json\/wp\/v2\/pages\/6519\/revisions"}],"up":[{"embeddable":true,"href":"https:\/\/spectrumseurope.com\/fr\/wp-json\/wp\/v2\/pages\/6437"}],"wp:featuredmedia":[{"embeddable":true,"href":"https:\/\/spectrumseurope.com\/fr\/wp-json\/wp\/v2\/media\/6508"}],"wp:attachment":[{"href":"https:\/\/spectrumseurope.com\/fr\/wp-json\/wp\/v2\/media?parent=6519"}],"curies":[{"name":"wp","href":"https:\/\/api.w.org\/{rel}","templated":true}]}}