{"id":3134,"date":"2018-05-22T09:36:55","date_gmt":"2018-05-22T07:36:55","guid":{"rendered":"https:\/\/spectrumseurope.com\/informations-questions-frequentes\/"},"modified":"2020-09-20T13:52:04","modified_gmt":"2020-09-20T11:52:04","slug":"faq","status":"publish","type":"page","link":"https:\/\/spectrumseurope.com\/fr\/faq\/","title":{"rendered":"FAQ"},"content":{"rendered":"","protected":false},"excerpt":{"rendered":"","protected":false},"author":1,"featured_media":0,"parent":0,"menu_order":999,"comment_status":"closed","ping_status":"closed","template":"","meta":{"footnotes":""},"class_list":["post-3134","page","type-page","status-publish","hentry"],"yoast_head":"<!-- This site is optimized with the Yoast SEO plugin v27.4 - https:\/\/yoast.com\/product\/yoast-seo-wordpress\/ -->\n<title>FAQ - Spectrums Europe<\/title>\n<meta name=\"description\" content=\"Des questions sur le cannabidiol, le fameux CBD? Sur les proc\u00e9d\u00e9s d&#039;extraction et de purification de l&#039;huile de chanvre ? Sur les effets des phytocannabino\u00efdes ? Les r\u00e9ponses sont ici.\" \/>\n<meta name=\"robots\" content=\"index, follow, max-snippet:-1, max-image-preview:large, max-video-preview:-1\" \/>\n<link rel=\"canonical\" href=\"https:\/\/spectrumseurope.com\/fr\/faq\/\" \/>\n<meta property=\"og:locale\" content=\"fr_FR\" \/>\n<meta property=\"og:type\" content=\"article\" \/>\n<meta property=\"og:title\" content=\"FAQ - Spectrums Europe\" \/>\n<meta property=\"og:description\" content=\"Des questions sur le cannabidiol, le fameux CBD? Sur les proc\u00e9d\u00e9s d&#039;extraction et de purification de l&#039;huile de chanvre ? Sur les effets des phytocannabino\u00efdes ? Les r\u00e9ponses sont ici.\" \/>\n<meta property=\"og:url\" content=\"https:\/\/spectrumseurope.com\/fr\/faq\/\" \/>\n<meta property=\"og:site_name\" content=\"Spectrums Europe\" \/>\n<meta property=\"article:modified_time\" content=\"2020-09-20T11:52:04+00:00\" \/>\n<meta name=\"twitter:card\" content=\"summary_large_image\" \/>\n<script type=\"application\/ld+json\" class=\"yoast-schema-graph\">{\"@context\":\"https:\\\/\\\/schema.org\",\"@graph\":[{\"@type\":\"WebPage\",\"@id\":\"https:\\\/\\\/spectrumseurope.com\\\/fr\\\/faq\\\/\",\"url\":\"https:\\\/\\\/spectrumseurope.com\\\/fr\\\/faq\\\/\",\"name\":\"FAQ - Spectrums Europe\",\"isPartOf\":{\"@id\":\"https:\\\/\\\/spectrumseurope.com\\\/#website\"},\"datePublished\":\"2018-05-22T07:36:55+00:00\",\"dateModified\":\"2020-09-20T11:52:04+00:00\",\"description\":\"Des questions sur le cannabidiol, le fameux CBD? Sur les proc\u00e9d\u00e9s d'extraction et de purification de l'huile de chanvre ? Sur les effets des phytocannabino\u00efdes ? Les r\u00e9ponses sont ici.\",\"breadcrumb\":{\"@id\":\"https:\\\/\\\/spectrumseurope.com\\\/fr\\\/faq\\\/#breadcrumb\"},\"inLanguage\":\"fr-FR\",\"potentialAction\":[{\"@type\":\"ReadAction\",\"target\":[\"https:\\\/\\\/spectrumseurope.com\\\/fr\\\/faq\\\/\"]}]},{\"@type\":\"BreadcrumbList\",\"@id\":\"https:\\\/\\\/spectrumseurope.com\\\/fr\\\/faq\\\/#breadcrumb\",\"itemListElement\":[{\"@type\":\"ListItem\",\"position\":1,\"name\":\"Home\",\"item\":\"https:\\\/\\\/spectrumseurope.com\\\/fr\\\/\"},{\"@type\":\"ListItem\",\"position\":2,\"name\":\"FAQ\"}]},{\"@type\":\"WebSite\",\"@id\":\"https:\\\/\\\/spectrumseurope.com\\\/#website\",\"url\":\"https:\\\/\\\/spectrumseurope.com\\\/\",\"name\":\"Spectrums Europe\",\"description\":\"Sp&eacute;cialis&eacute; dans les phytocannabino&iuml;des\",\"publisher\":{\"@id\":\"https:\\\/\\\/spectrumseurope.com\\\/#organization\"},\"potentialAction\":[{\"@type\":\"SearchAction\",\"target\":{\"@type\":\"EntryPoint\",\"urlTemplate\":\"https:\\\/\\\/spectrumseurope.com\\\/?s={search_term_string}\"},\"query-input\":{\"@type\":\"PropertyValueSpecification\",\"valueRequired\":true,\"valueName\":\"search_term_string\"}}],\"inLanguage\":\"fr-FR\"},{\"@type\":\"Organization\",\"@id\":\"https:\\\/\\\/spectrumseurope.com\\\/#organization\",\"name\":\"Spectrums Europe\",\"url\":\"https:\\\/\\\/spectrumseurope.com\\\/\",\"logo\":{\"@type\":\"ImageObject\",\"inLanguage\":\"fr-FR\",\"@id\":\"https:\\\/\\\/spectrumseurope.com\\\/#\\\/schema\\\/logo\\\/image\\\/\",\"url\":\"https:\\\/\\\/spectrumseurope.com\\\/wp-content\\\/uploads\\\/logo-spectrums-europe-optimized.png\",\"contentUrl\":\"https:\\\/\\\/spectrumseurope.com\\\/wp-content\\\/uploads\\\/logo-spectrums-europe-optimized.png\",\"width\":330,\"height\":80,\"caption\":\"Spectrums Europe\"},\"image\":{\"@id\":\"https:\\\/\\\/spectrumseurope.com\\\/#\\\/schema\\\/logo\\\/image\\\/\"}}]}<\/script>\n<!-- \/ Yoast SEO plugin. -->","yoast_head_json":{"title":"FAQ - Spectrums Europe","description":"Des questions sur le cannabidiol, le fameux CBD? Sur les proc\u00e9d\u00e9s d'extraction et de purification de l'huile de chanvre ? Sur les effets des phytocannabino\u00efdes ? Les r\u00e9ponses sont ici.","robots":{"index":"index","follow":"follow","max-snippet":"max-snippet:-1","max-image-preview":"max-image-preview:large","max-video-preview":"max-video-preview:-1"},"canonical":"https:\/\/spectrumseurope.com\/fr\/faq\/","og_locale":"fr_FR","og_type":"article","og_title":"FAQ - Spectrums Europe","og_description":"Des questions sur le cannabidiol, le fameux CBD? Sur les proc\u00e9d\u00e9s d'extraction et de purification de l'huile de chanvre ? Sur les effets des phytocannabino\u00efdes ? Les r\u00e9ponses sont ici.","og_url":"https:\/\/spectrumseurope.com\/fr\/faq\/","og_site_name":"Spectrums Europe","article_modified_time":"2020-09-20T11:52:04+00:00","twitter_card":"summary_large_image","schema":{"@context":"https:\/\/schema.org","@graph":[{"@type":"WebPage","@id":"https:\/\/spectrumseurope.com\/fr\/faq\/","url":"https:\/\/spectrumseurope.com\/fr\/faq\/","name":"FAQ - Spectrums Europe","isPartOf":{"@id":"https:\/\/spectrumseurope.com\/#website"},"datePublished":"2018-05-22T07:36:55+00:00","dateModified":"2020-09-20T11:52:04+00:00","description":"Des questions sur le cannabidiol, le fameux CBD? Sur les proc\u00e9d\u00e9s d'extraction et de purification de l'huile de chanvre ? Sur les effets des phytocannabino\u00efdes ? Les r\u00e9ponses sont ici.","breadcrumb":{"@id":"https:\/\/spectrumseurope.com\/fr\/faq\/#breadcrumb"},"inLanguage":"fr-FR","potentialAction":[{"@type":"ReadAction","target":["https:\/\/spectrumseurope.com\/fr\/faq\/"]}]},{"@type":"BreadcrumbList","@id":"https:\/\/spectrumseurope.com\/fr\/faq\/#breadcrumb","itemListElement":[{"@type":"ListItem","position":1,"name":"Home","item":"https:\/\/spectrumseurope.com\/fr\/"},{"@type":"ListItem","position":2,"name":"FAQ"}]},{"@type":"WebSite","@id":"https:\/\/spectrumseurope.com\/#website","url":"https:\/\/spectrumseurope.com\/","name":"Spectrums Europe","description":"Sp&eacute;cialis&eacute; dans les phytocannabino&iuml;des","publisher":{"@id":"https:\/\/spectrumseurope.com\/#organization"},"potentialAction":[{"@type":"SearchAction","target":{"@type":"EntryPoint","urlTemplate":"https:\/\/spectrumseurope.com\/?s={search_term_string}"},"query-input":{"@type":"PropertyValueSpecification","valueRequired":true,"valueName":"search_term_string"}}],"inLanguage":"fr-FR"},{"@type":"Organization","@id":"https:\/\/spectrumseurope.com\/#organization","name":"Spectrums Europe","url":"https:\/\/spectrumseurope.com\/","logo":{"@type":"ImageObject","inLanguage":"fr-FR","@id":"https:\/\/spectrumseurope.com\/#\/schema\/logo\/image\/","url":"https:\/\/spectrumseurope.com\/wp-content\/uploads\/logo-spectrums-europe-optimized.png","contentUrl":"https:\/\/spectrumseurope.com\/wp-content\/uploads\/logo-spectrums-europe-optimized.png","width":330,"height":80,"caption":"Spectrums Europe"},"image":{"@id":"https:\/\/spectrumseurope.com\/#\/schema\/logo\/image\/"}}]}},"_links":{"self":[{"href":"https:\/\/spectrumseurope.com\/fr\/wp-json\/wp\/v2\/pages\/3134","targetHints":{"allow":["GET"]}}],"collection":[{"href":"https:\/\/spectrumseurope.com\/fr\/wp-json\/wp\/v2\/pages"}],"about":[{"href":"https:\/\/spectrumseurope.com\/fr\/wp-json\/wp\/v2\/types\/page"}],"author":[{"embeddable":true,"href":"https:\/\/spectrumseurope.com\/fr\/wp-json\/wp\/v2\/users\/1"}],"replies":[{"embeddable":true,"href":"https:\/\/spectrumseurope.com\/fr\/wp-json\/wp\/v2\/comments?post=3134"}],"version-history":[{"count":0,"href":"https:\/\/spectrumseurope.com\/fr\/wp-json\/wp\/v2\/pages\/3134\/revisions"}],"wp:attachment":[{"href":"https:\/\/spectrumseurope.com\/fr\/wp-json\/wp\/v2\/media?parent=3134"}],"curies":[{"name":"wp","href":"https:\/\/api.w.org\/{rel}","templated":true}]}}